{"id":1357,"date":"2025-06-19T11:01:50","date_gmt":"2025-06-19T09:01:50","guid":{"rendered":"https:\/\/pohrebnictvopieta.sk\/webpage\/?page_id=1357"},"modified":"2025-06-19T14:33:30","modified_gmt":"2025-06-19T12:33:30","slug":"nase-sluzby","status":"publish","type":"page","link":"https:\/\/pohrebnictvopieta.sk\/webpage\/nase-sluzby\/","title":{"rendered":"Na\u0161e slu\u017eby"},"content":{"rendered":"\t\t<div data-elementor-type=\"wp-page\" data-elementor-id=\"1357\" class=\"elementor elementor-1357\" data-elementor-settings=\"{&quot;ha_cmc_init_switcher&quot;:&quot;no&quot;}\">\n\t\t\t\t<div class=\"elementor-element elementor-element-2318ab67 e-flex e-con-boxed e-con e-parent\" data-id=\"2318ab67\" data-element_type=\"container\" data-e-type=\"container\" data-settings=\"{&quot;_ha_eqh_enable&quot;:false}\">\n\t\t\t\t\t<div class=\"e-con-inner\">\n\t\t<div class=\"elementor-element elementor-element-6d9a7a47 e-flex e-con-boxed e-con e-child\" data-id=\"6d9a7a47\" data-element_type=\"container\" data-e-type=\"container\" data-settings=\"{&quot;background_background&quot;:&quot;classic&quot;,&quot;_ha_eqh_enable&quot;:false}\">\n\t\t\t\t\t<div class=\"e-con-inner\">\n\t\t<div class=\"elementor-element elementor-element-7ec7c5c0 ct-feature-grid e-flex e-con-boxed e-con e-child\" data-id=\"7ec7c5c0\" data-element_type=\"container\" data-e-type=\"container\" data-settings=\"{&quot;_ha_eqh_enable&quot;:false}\">\n\t\t\t\t\t<div class=\"e-con-inner\">\n\t\t<div class=\"elementor-element elementor-element-53194c6e e-con-full e-flex e-con e-child\" data-id=\"53194c6e\" data-element_type=\"container\" data-e-type=\"container\" data-settings=\"{&quot;_ha_eqh_enable&quot;:false}\">\n\t\t\t\t<div class=\"elementor-element elementor-element-213c9a9e elementor-view-default elementor-position-block-start elementor-mobile-position-block-start elementor-widget elementor-widget-icon-box\" data-id=\"213c9a9e\" data-element_type=\"widget\" data-e-type=\"widget\" data-widget_type=\"icon-box.default\">\n\t\t\t\t<div class=\"elementor-widget-container\">\n\t\t\t\t\t\t\t<div class=\"elementor-icon-box-wrapper\">\n\n\t\t\t\t\t\t<div class=\"elementor-icon-box-icon\">\n\t\t\t\t<span  class=\"elementor-icon\">\n\t\t\t\t<i aria-hidden=\"true\" class=\"hm hm-testimonial\"><\/i>\t\t\t\t<\/span>\n\t\t\t<\/div>\n\t\t\t\n\t\t\t\t\t\t<div class=\"elementor-icon-box-content\">\n\n\t\t\t\t\t\t\t\t\t<h5 class=\"elementor-icon-box-title\">\n\t\t\t\t\t\t<span  >\n\t\t\t\t\t\t\tPoradenstvo\t\t\t\t\t\t<\/span>\n\t\t\t\t\t<\/h5>\n\t\t\t\t\n\t\t\t\t\t\t\t\t\t<p class=\"elementor-icon-box-description\">\n\t\t\t\t\t\tRozl\u00fa\u010dka s bl\u00edzkym \u010dlovekom je ve\u013emi citliv\u00e1 z\u00e1le\u017eitos\u0165. Zariad\u00edme d\u00f4stojn\u00fa rozl\u00fa\u010dku a poradenstvo. Pom\u00f4\u017eeme V\u00e1m u\u013eah\u010di\u0165 momenty poslednej rozl\u00fa\u010dky.\t\t\t\t\t<\/p>\n\t\t\t\t\n\t\t\t<\/div>\n\t\t\t\n\t\t<\/div>\n\t\t\t\t\t\t<\/div>\n\t\t\t\t<\/div>\n\t\t\t\t<\/div>\n\t\t<div class=\"elementor-element elementor-element-581b89ac e-con-full e-flex e-con e-child\" data-id=\"581b89ac\" data-element_type=\"container\" data-e-type=\"container\" data-settings=\"{&quot;_ha_eqh_enable&quot;:false}\">\n\t\t\t\t<div class=\"elementor-element elementor-element-2313ff02 elementor-view-default elementor-position-block-start elementor-mobile-position-block-start elementor-widget elementor-widget-icon-box\" data-id=\"2313ff02\" data-element_type=\"widget\" data-e-type=\"widget\" data-widget_type=\"icon-box.default\">\n\t\t\t\t<div class=\"elementor-widget-container\">\n\t\t\t\t\t\t\t<div class=\"elementor-icon-box-wrapper\">\n\n\t\t\t\t\t\t<div class=\"elementor-icon-box-icon\">\n\t\t\t\t<span  class=\"elementor-icon\">\n\t\t\t\t<i aria-hidden=\"true\" class=\"hm hm-car\"><\/i>\t\t\t\t<\/span>\n\t\t\t<\/div>\n\t\t\t\n\t\t\t\t\t\t<div class=\"elementor-icon-box-content\">\n\n\t\t\t\t\t\t\t\t\t<h3 class=\"elementor-icon-box-title\">\n\t\t\t\t\t\t<span  >\n\t\t\t\t\t\t\tPrevoz zosnul\u00fdch\t\t\t\t\t\t<\/span>\n\t\t\t\t\t<\/h3>\n\t\t\t\t\n\t\t\t\t\t\t\t\t\t<p class=\"elementor-icon-box-description\">\n\t\t\t\t\t\tSme dr\u017eite\u013emi opr\u00e1vnenia a osved\u010denia o odbornej sp\u00f4sobilosti na prev\u00e1dzkovanie pohrebnej slu\u017eby. Prevezieme zosnul\u00fdch vlastn\u00fdmi vozidlami vybaven\u00fdmi chladiac\u00edm zariaden\u00edm v r\u00e1mci Slovenska, ale aj <b>celej E\u00da<\/b>.\t\t\t\t\t<\/p>\n\t\t\t\t\n\t\t\t<\/div>\n\t\t\t\n\t\t<\/div>\n\t\t\t\t\t\t<\/div>\n\t\t\t\t<\/div>\n\t\t\t\t<\/div>\n\t\t<div class=\"elementor-element elementor-element-7349c8d6 e-con-full e-flex e-con e-child\" data-id=\"7349c8d6\" data-element_type=\"container\" data-e-type=\"container\" data-settings=\"{&quot;_ha_eqh_enable&quot;:false}\">\n\t\t\t\t<div class=\"elementor-element elementor-element-5f06ad09 elementor-view-default elementor-position-block-start elementor-mobile-position-block-start elementor-widget elementor-widget-icon-box\" data-id=\"5f06ad09\" data-element_type=\"widget\" data-e-type=\"widget\" data-widget_type=\"icon-box.default\">\n\t\t\t\t<div class=\"elementor-widget-container\">\n\t\t\t\t\t\t\t<div class=\"elementor-icon-box-wrapper\">\n\n\t\t\t\t\t\t<div class=\"elementor-icon-box-icon\">\n\t\t\t\t<span  class=\"elementor-icon\">\n\t\t\t\t<i aria-hidden=\"true\" class=\"hm hm-sitemap1\"><\/i>\t\t\t\t<\/span>\n\t\t\t<\/div>\n\t\t\t\n\t\t\t\t\t\t<div class=\"elementor-icon-box-content\">\n\n\t\t\t\t\t\t\t\t\t<h5 class=\"elementor-icon-box-title\">\n\t\t\t\t\t\t<span  >\n\t\t\t\t\t\t\tKomplet servis\t\t\t\t\t\t<\/span>\n\t\t\t\t\t<\/h5>\n\t\t\t\t\n\t\t\t\t\t\t\t\t\t<p class=\"elementor-icon-box-description\">\n\t\t\t\t\t\tKamen\u00e1rske pr\u00e1ce, pomn\u00edky, n\u00e1hrobn\u00e9 kamene, hrobov\u00e9 z\u00e1klady, truhly, vence, kr\u00ed\u017ee a doplnky pre v\u00fdzdobu, ale aj sm\u00fato\u010dn\u00e9 ozn\u00e1menia a v\u0161etko ostatn\u00e9. \t\t\t\t\t<\/p>\n\t\t\t\t\n\t\t\t<\/div>\n\t\t\t\n\t\t<\/div>\n\t\t\t\t\t\t<\/div>\n\t\t\t\t<\/div>\n\t\t\t\t<\/div>\n\t\t\t\t\t<\/div>\n\t\t\t\t<\/div>\n\t\t\t\t\t<\/div>\n\t\t\t\t<\/div>\n\t\t\t\t\t<\/div>\n\t\t\t\t<\/div>\n\t\t<div class=\"elementor-element elementor-element-f6dc8ce e-flex e-con-boxed e-con e-parent\" data-id=\"f6dc8ce\" data-element_type=\"container\" data-e-type=\"container\" data-settings=\"{&quot;_ha_eqh_enable&quot;:false}\">\n\t\t\t\t\t<div class=\"e-con-inner\">\n\t\t<div class=\"elementor-element elementor-element-d892086 e-con-full e-flex e-con e-child\" data-id=\"d892086\" data-element_type=\"container\" data-e-type=\"container\" data-settings=\"{&quot;_ha_eqh_enable&quot;:false}\">\n\t\t\t\t<div class=\"elementor-element elementor-element-88ab57c elementor-widget elementor-widget-heading\" data-id=\"88ab57c\" data-element_type=\"widget\" data-e-type=\"widget\" data-widget_type=\"heading.default\">\n\t\t\t\t<div class=\"elementor-widget-container\">\n\t\t\t\t\t<div class=\"elementor-heading-title elementor-size-default\">Komplexn\u00e9 pohrebn\u00e9 a kamen\u00e1rske slu\u017eby<\/div>\t\t\t\t<\/div>\n\t\t\t\t<\/div>\n\t\t\t\t<\/div>\n\t\t\t\t\t<\/div>\n\t\t\t\t<\/div>\n\t\t<div class=\"elementor-element elementor-element-4cc10be e-flex e-con-boxed e-con e-parent\" data-id=\"4cc10be\" data-element_type=\"container\" data-e-type=\"container\" data-settings=\"{&quot;_ha_eqh_enable&quot;:false}\">\n\t\t\t\t\t<div class=\"e-con-inner\">\n\t\t<div class=\"elementor-element elementor-element-3696274 e-con-full e-flex e-con e-child\" data-id=\"3696274\" data-element_type=\"container\" data-e-type=\"container\" data-settings=\"{&quot;_ha_eqh_enable&quot;:false}\">\n\t\t\t\t<div class=\"elementor-element elementor-element-c844c17 elementor-widget elementor-widget-heading\" data-id=\"c844c17\" data-element_type=\"widget\" data-e-type=\"widget\" data-widget_type=\"heading.default\">\n\t\t\t\t<div class=\"elementor-widget-container\">\n\t\t\t\t\t<div class=\"elementor-heading-title elementor-size-default\">Pohreby a krem\u00e1cie<\/div>\t\t\t\t<\/div>\n\t\t\t\t<\/div>\n\t\t\t\t<div class=\"elementor-element elementor-element-dfef0ad elementor-widget elementor-widget-text-editor\" data-id=\"dfef0ad\" data-element_type=\"widget\" data-e-type=\"widget\" data-widget_type=\"text-editor.default\">\n\t\t\t\t<div class=\"elementor-widget-container\">\n\t\t\t\t\t\t\t\t\t<ul><li>prevozy zosnul\u00fdch<\/li><li>obliekanie a \u00faprava zosnul\u00fdch<\/li><li>ulo\u017eenie zosnul\u00fdch vo vlastn\u00fdch chladiacich boxoch<\/li><li>kamen\u00e1rske pr\u00e1ce (otvorenie a zatvorenie hrobu, ulo\u017eenie urny s popolom zosnul\u00e9ho\u2026.)<\/li><li>nov\u00e9 hrobov\u00e9 miesto (hroby, urnov\u00e9 hroby, miesto v kolumb\u00e1riu)<\/li><\/ul>\t\t\t\t\t\t\t\t<\/div>\n\t\t\t\t<\/div>\n\t\t\t\t<\/div>\n\t\t<div class=\"elementor-element elementor-element-11ce6ed e-con-full e-flex e-con e-child\" data-id=\"11ce6ed\" data-element_type=\"container\" data-e-type=\"container\" data-settings=\"{&quot;_ha_eqh_enable&quot;:false}\">\n\t\t\t\t<div class=\"elementor-element elementor-element-8e79ed8 elementor-widget elementor-widget-heading\" data-id=\"8e79ed8\" data-element_type=\"widget\" data-e-type=\"widget\" data-widget_type=\"heading.default\">\n\t\t\t\t<div class=\"elementor-widget-container\">\n\t\t\t\t\t<div class=\"elementor-heading-title elementor-size-default\">Pohrebn\u00e9 obrady<\/div>\t\t\t\t<\/div>\n\t\t\t\t<\/div>\n\t\t\t\t<div class=\"elementor-element elementor-element-6a4823e elementor-widget elementor-widget-text-editor\" data-id=\"6a4823e\" data-element_type=\"widget\" data-e-type=\"widget\" data-widget_type=\"text-editor.default\">\n\t\t\t\t<div class=\"elementor-widget-container\">\n\t\t\t\t\t\t\t\t\t<ul><li><p>realiz\u00e1cia poslednej rozl\u00fa\u010dky v obradnej s\u00e1le alebo v kostole<\/p><\/li><li><p>zabezpe\u010denie sm\u00fato\u010dn\u00e9ho re\u010dn\u00edka, fotografa, fotoreprodukcie<\/p><\/li><li><p>mo\u017enos\u0165 reprodukovanej hudby po\u010das obradu na \u017eelanie pozostal\u00fdch<\/p><\/li><\/ul>\t\t\t\t\t\t\t\t<\/div>\n\t\t\t\t<\/div>\n\t\t\t\t<\/div>\n\t\t\t\t\t<\/div>\n\t\t\t\t<\/div>\n\t\t<div class=\"elementor-element elementor-element-701b79b e-flex e-con-boxed e-con e-parent\" data-id=\"701b79b\" data-element_type=\"container\" data-e-type=\"container\" data-settings=\"{&quot;_ha_eqh_enable&quot;:false}\">\n\t\t\t\t\t<div class=\"e-con-inner\">\n\t\t<div class=\"elementor-element elementor-element-8c1d22b e-con-full e-flex e-con e-child\" data-id=\"8c1d22b\" data-element_type=\"container\" data-e-type=\"container\" data-settings=\"{&quot;_ha_eqh_enable&quot;:false}\">\n\t\t\t\t<div class=\"elementor-element elementor-element-47bee17 elementor-widget elementor-widget-heading\" data-id=\"47bee17\" data-element_type=\"widget\" data-e-type=\"widget\" data-widget_type=\"heading.default\">\n\t\t\t\t<div class=\"elementor-widget-container\">\n\t\t\t\t\t<div class=\"elementor-heading-title elementor-size-default\">Formality pri pohrebe<\/div>\t\t\t\t<\/div>\n\t\t\t\t<\/div>\n\t\t\t\t<div class=\"elementor-element elementor-element-ebc1a04 elementor-widget elementor-widget-text-editor\" data-id=\"ebc1a04\" data-element_type=\"widget\" data-e-type=\"widget\" data-widget_type=\"text-editor.default\">\n\t\t\t\t<div class=\"elementor-widget-container\">\n\t\t\t\t\t\t\t\t\t<ul><li><p>vybavenie v\u0161etk\u00fdch potrebn\u00fdch dokladov k realiz\u00e1cii poslednej rozl\u00fa\u010dky<\/p><\/li><li><p>v\u00fdroba a tla\u010d sm\u00fato\u010dn\u00fdch ozn\u00e1men\u00ed<\/p><\/li><li><p>potvrdenie o \u00fa\u010dasti na pohrebe pre zamestn\u00e1vate\u013ea<\/p><\/li><\/ul>\t\t\t\t\t\t\t\t<\/div>\n\t\t\t\t<\/div>\n\t\t\t\t<\/div>\n\t\t<div class=\"elementor-element elementor-element-62ca2d9 e-con-full e-flex e-con e-child\" data-id=\"62ca2d9\" data-element_type=\"container\" data-e-type=\"container\" data-settings=\"{&quot;_ha_eqh_enable&quot;:false}\">\n\t\t\t\t<div class=\"elementor-element elementor-element-98e0e02 elementor-widget elementor-widget-heading\" data-id=\"98e0e02\" data-element_type=\"widget\" data-e-type=\"widget\" data-widget_type=\"heading.default\">\n\t\t\t\t<div class=\"elementor-widget-container\">\n\t\t\t\t\t<div class=\"elementor-heading-title elementor-size-default\">Truhly a v\u00fdzdoba<\/div>\t\t\t\t<\/div>\n\t\t\t\t<\/div>\n\t\t\t\t<div class=\"elementor-element elementor-element-e337dc3 elementor-widget elementor-widget-text-editor\" data-id=\"e337dc3\" data-element_type=\"widget\" data-e-type=\"widget\" data-widget_type=\"text-editor.default\">\n\t\t\t\t<div class=\"elementor-widget-container\">\n\t\t\t\t\t\t\t\t\t<ul><li>truhly a ozdobn\u00e9 urny<\/li><li>dreven\u00e9 kr\u00ed\u017ee a kvetinov\u00e1 v\u00fdzdoba<\/li><li>Pozostal\u00ed, ktor\u00fdm sa\u00a0 nepodar\u00ed nav\u0161t\u00edvi\u0165 cintor\u00edn osobne a z\u00e1le\u017e\u00ed im na tom, aby bolo hrobov\u00e9 miesto upraven\u00e9, m\u00f4\u017eu n\u00e1s\u00a0 kontaktova\u0165 a poveri\u0165 n\u00e1s \u00fapravou hrobu, zap\u00e1len\u00edm svie\u010dky \u010di polo\u017een\u00edm venca.<\/li><\/ul>\t\t\t\t\t\t\t\t<\/div>\n\t\t\t\t<\/div>\n\t\t\t\t<\/div>\n\t\t\t\t\t<\/div>\n\t\t\t\t<\/div>\n\t\t<div class=\"elementor-element elementor-element-a945452 e-flex e-con-boxed e-con e-parent\" data-id=\"a945452\" data-element_type=\"container\" data-e-type=\"container\" data-settings=\"{&quot;_ha_eqh_enable&quot;:false}\">\n\t\t\t\t\t<div class=\"e-con-inner\">\n\t\t<div class=\"elementor-element elementor-element-144be11 e-con-full e-flex e-con e-child\" data-id=\"144be11\" data-element_type=\"container\" data-e-type=\"container\" data-settings=\"{&quot;_ha_eqh_enable&quot;:false}\">\n\t\t\t\t<div class=\"elementor-element elementor-element-06a6cce elementor-widget elementor-widget-text-editor\" data-id=\"06a6cce\" data-element_type=\"widget\" data-e-type=\"widget\" data-widget_type=\"text-editor.default\">\n\t\t\t\t<div class=\"elementor-widget-container\">\n\t\t\t\t\t\t\t\t\t<p>N\u00e1\u0161 person\u00e1l V\u00e1s odbremen\u00ed od nevyhnutn\u00fdch starost\u00ed, aby ste sa mohli s \u00factou rozl\u00fa\u010di\u0165 s Va\u0161\u00edm bl\u00edzkym.<br \/>Sme empatick\u00ed, diskr\u00e9tni, s\u00facitiv\u00ed, preto sa n\u00e1m m\u00f4\u017eete zveri\u0165 so svojimi staros\u0165ami a \u017eiados\u0165ami.<br \/>N\u00e1\u0161 profesion\u00e1lny t\u00edm odborn\u00edkov V\u00e1m bude oporou v naj\u0165a\u017e\u0161\u00edch chv\u00ed\u013each.<\/p>\t\t\t\t\t\t\t\t<\/div>\n\t\t\t\t<\/div>\n\t\t\t\t<div class=\"elementor-element elementor-element-0c27532 elementor-widget elementor-widget-heading\" data-id=\"0c27532\" data-element_type=\"widget\" data-e-type=\"widget\" data-widget_type=\"heading.default\">\n\t\t\t\t<div class=\"elementor-widget-container\">\n\t\t\t\t\t<h4 class=\"elementor-heading-title elementor-size-default\">Cena kompletn\u00e9ho pohrebu od 490 \u20ac<\/h4>\t\t\t\t<\/div>\n\t\t\t\t<\/div>\n\t\t\t\t<\/div>\n\t\t\t\t\t<\/div>\n\t\t\t\t<\/div>\n\t\t<div class=\"elementor-element elementor-element-93596fe e-flex e-con-boxed e-con e-parent\" data-id=\"93596fe\" data-element_type=\"container\" data-e-type=\"container\" data-settings=\"{&quot;background_background&quot;:&quot;classic&quot;,&quot;_ha_eqh_enable&quot;:false}\">\n\t\t\t\t\t<div class=\"e-con-inner\">\n\t\t\t\t<div class=\"elementor-element elementor-element-00a77d1 elementor-widget elementor-widget-heading\" data-id=\"00a77d1\" data-element_type=\"widget\" data-e-type=\"widget\" data-widget_type=\"heading.default\">\n\t\t\t\t<div class=\"elementor-widget-container\">\n\t\t\t\t\t<h2 class=\"elementor-heading-title elementor-size-default\">VOLAJTE NONSTOP<\/h2>\t\t\t\t<\/div>\n\t\t\t\t<\/div>\n\t\t\t\t<div class=\"elementor-element elementor-element-b199a21 elementor-widget elementor-widget-heading\" data-id=\"b199a21\" data-element_type=\"widget\" data-e-type=\"widget\" data-widget_type=\"heading.default\">\n\t\t\t\t<div class=\"elementor-widget-container\">\n\t\t\t\t\t<h2 class=\"elementor-heading-title elementor-size-default\">0944 722 111<\/h2>\t\t\t\t<\/div>\n\t\t\t\t<\/div>\n\t\t\t\t\t<\/div>\n\t\t\t\t<\/div>\n\t\t\t\t<\/div>\n\t\t","protected":false},"excerpt":{"rendered":"<p>Poradenstvo Rozl\u00fa\u010dka s bl\u00edzkym \u010dlovekom je ve\u013emi citliv\u00e1 z\u00e1le\u017eitos\u0165. Zariad\u00edme d\u00f4stojn\u00fa rozl\u00fa\u010dku a poradenstvo. Pom\u00f4\u017eeme V\u00e1m u\u013eah\u010di\u0165 momenty poslednej rozl\u00fa\u010dky. Prevoz zosnul\u00fdch Sme dr\u017eite\u013emi opr\u00e1vnenia a osved\u010denia o odbornej sp\u00f4sobilosti na prev\u00e1dzkovanie pohrebnej slu\u017eby. Prevezieme zosnul\u00fdch vlastn\u00fdmi vozidlami vybaven\u00fdmi chladiac\u00edm zariaden\u00edm v r\u00e1mci Slovenska, ale aj celej E\u00da. Komplet servis Kamen\u00e1rske pr\u00e1ce, pomn\u00edky, n\u00e1hrobn\u00e9 kamene, [&hellip;]<\/p>\n","protected":false},"author":2,"featured_media":89,"parent":0,"menu_order":0,"comment_status":"closed","ping_status":"closed","template":"","meta":{"_seopress_robots_primary_cat":"","_seopress_titles_title":"","_seopress_titles_desc":"","_seopress_robots_index":"","footnotes":""},"class_list":["post-1357","page","type-page","status-publish","has-post-thumbnail","hentry"],"blocksy_meta":{"styles_descriptor":{"styles":{"desktop":"","tablet":"","mobile":""},"google_fonts":[],"version":6}},"_links":{"self":[{"href":"https:\/\/pohrebnictvopieta.sk\/webpage\/wp-json\/wp\/v2\/pages\/1357","targetHints":{"allow":["GET"]}}],"collection":[{"href":"https:\/\/pohrebnictvopieta.sk\/webpage\/wp-json\/wp\/v2\/pages"}],"about":[{"href":"https:\/\/pohrebnictvopieta.sk\/webpage\/wp-json\/wp\/v2\/types\/page"}],"author":[{"embeddable":true,"href":"https:\/\/pohrebnictvopieta.sk\/webpage\/wp-json\/wp\/v2\/users\/2"}],"replies":[{"embeddable":true,"href":"https:\/\/pohrebnictvopieta.sk\/webpage\/wp-json\/wp\/v2\/comments?post=1357"}],"version-history":[{"count":25,"href":"https:\/\/pohrebnictvopieta.sk\/webpage\/wp-json\/wp\/v2\/pages\/1357\/revisions"}],"predecessor-version":[{"id":1447,"href":"https:\/\/pohrebnictvopieta.sk\/webpage\/wp-json\/wp\/v2\/pages\/1357\/revisions\/1447"}],"wp:featuredmedia":[{"embeddable":true,"href":"https:\/\/pohrebnictvopieta.sk\/webpage\/wp-json\/wp\/v2\/media\/89"}],"wp:attachment":[{"href":"https:\/\/pohrebnictvopieta.sk\/webpage\/wp-json\/wp\/v2\/media?parent=1357"}],"curies":[{"name":"wp","href":"https:\/\/api.w.org\/{rel}","templated":true}]}}